{"id":1486,"date":"2022-11-07T16:24:45","date_gmt":"2022-11-07T15:24:45","guid":{"rendered":"https:\/\/tourbrune.com\/?page_id=1486"},"modified":"2022-11-07T19:25:20","modified_gmt":"2022-11-07T18:25:20","slug":"sappho","status":"publish","type":"page","link":"https:\/\/tourbrune.com\/?page_id=1486","title":{"rendered":"Sappho"},"content":{"rendered":"<p>Chenin sec issu de vignes plant\u00e9es \u00e0 la fin des ann\u00e9es 50 sur un sol d&#8217;alt\u00e9rites de schiste, marquant la fin du massif armoricain. R\u00e9colt\u00e9es bien m\u00fbres, les grappes sont press\u00e9es directement, puis le jus est mis en jarre de gr\u00e8s pour la fermentation et l&#8217;\u00e9levage (qui dure environ 10 mois).<br \/>\nLe sol et le contenant apportent une belle amertume en fin de bouche. L&#8217;aromatique est compos\u00e9 de fruits \u00e0 noyaux m\u00fbrs et de notes florales et \u00e9pic\u00e9es.<br \/>\nCes vignes ont rejoint le domaine en 2020, la cuv\u00e9e est donc faite avec des raisins issus de vignes en conversion jusqu&#8217;en 2022. Les mill\u00e9simes suivants sont \u00e0 partir de raisins certifi\u00e9s AB.<br \/>\nL&#8217;illustration a \u00e9t\u00e9 faite par Am\u00e9lie Buscher, artiste d&#8217;Ancenis.<br \/>\nLe nom de la cuv\u00e9e est un hommage \u00e0 la po\u00e9tesse antique Sappho.<\/p>\n","protected":false},"excerpt":{"rendered":"<p>Chenin sec issu de vignes plant\u00e9es \u00e0 la fin des ann\u00e9es 50 sur un sol d&#8217;alt\u00e9rites de schiste, marquant la fin du massif armoricain. R\u00e9colt\u00e9es bien m\u00fbres, les grappes sont press\u00e9es directement, puis le jus est mis en jarre de gr\u00e8s pour la fermentation et l&#8217;\u00e9levage (qui dure environ 10 mois). Le sol et le&hellip; <a class=\"more-link\" href=\"https:\/\/tourbrune.com\/?page_id=1486\">Continue reading &rarr;<\/a><\/p>\n","protected":false},"author":1,"featured_media":1487,"parent":472,"menu_order":-1,"comment_status":"closed","ping_status":"closed","template":"","meta":{"footnotes":""},"class_list":["post-1486","page","type-page","status-publish","has-post-thumbnail","hentry"],"_links":{"self":[{"href":"https:\/\/tourbrune.com\/index.php?rest_route=\/wp\/v2\/pages\/1486","targetHints":{"allow":["GET"]}}],"collection":[{"href":"https:\/\/tourbrune.com\/index.php?rest_route=\/wp\/v2\/pages"}],"about":[{"href":"https:\/\/tourbrune.com\/index.php?rest_route=\/wp\/v2\/types\/page"}],"author":[{"embeddable":true,"href":"https:\/\/tourbrune.com\/index.php?rest_route=\/wp\/v2\/users\/1"}],"replies":[{"embeddable":true,"href":"https:\/\/tourbrune.com\/index.php?rest_route=%2Fwp%2Fv2%2Fcomments&post=1486"}],"version-history":[{"count":1,"href":"https:\/\/tourbrune.com\/index.php?rest_route=\/wp\/v2\/pages\/1486\/revisions"}],"predecessor-version":[{"id":1488,"href":"https:\/\/tourbrune.com\/index.php?rest_route=\/wp\/v2\/pages\/1486\/revisions\/1488"}],"up":[{"embeddable":true,"href":"https:\/\/tourbrune.com\/index.php?rest_route=\/wp\/v2\/pages\/472"}],"wp:featuredmedia":[{"embeddable":true,"href":"https:\/\/tourbrune.com\/index.php?rest_route=\/wp\/v2\/media\/1487"}],"wp:attachment":[{"href":"https:\/\/tourbrune.com\/index.php?rest_route=%2Fwp%2Fv2%2Fmedia&parent=1486"}],"curies":[{"name":"wp","href":"https:\/\/api.w.org\/{rel}","templated":true}]}}