{"id":1506,"date":"2022-11-07T17:05:50","date_gmt":"2022-11-07T16:05:50","guid":{"rendered":"https:\/\/tourbrune.com\/?page_id=1506"},"modified":"2022-11-07T17:34:14","modified_gmt":"2022-11-07T16:34:14","slug":"corail","status":"publish","type":"page","link":"https:\/\/tourbrune.com\/?page_id=1506","title":{"rendered":"Corail"},"content":{"rendered":"<p>Ce p\u00e9tillant naturel rouge est issu de vignes de Gamay plant\u00e9es dans les ann\u00e9es 70 sur un bloc de schiste. L&#8217;orientation Nord-Est\/Sud Ouest sur un versant Sud en fait un vin solaire.<br \/>\nLes vignes ont termin\u00e9 leur conversion depuis 2019 et les cuv\u00e9es sont depuis issues de raisins en AB.<br \/>\nAvec une bulle tr\u00e8s fine et des ar\u00f4mes de m\u00fbres et de fruits rouges, c&#8217;est un vin facile \u00e0 boire.<\/p>\n","protected":false},"excerpt":{"rendered":"<p>Ce p\u00e9tillant naturel rouge est issu de vignes de Gamay plant\u00e9es dans les ann\u00e9es 70 sur un bloc de schiste. L&#8217;orientation Nord-Est\/Sud Ouest sur un versant Sud en fait un vin solaire. Les vignes ont termin\u00e9 leur conversion depuis 2019 et les cuv\u00e9es sont depuis issues de raisins en AB. Avec une bulle tr\u00e8s fine&hellip; <a class=\"more-link\" href=\"https:\/\/tourbrune.com\/?page_id=1506\">Continue reading &rarr;<\/a><\/p>\n","protected":false},"author":1,"featured_media":1508,"parent":472,"menu_order":-1,"comment_status":"closed","ping_status":"closed","template":"","meta":{"footnotes":""},"class_list":["post-1506","page","type-page","status-publish","has-post-thumbnail","hentry"],"_links":{"self":[{"href":"https:\/\/tourbrune.com\/index.php?rest_route=\/wp\/v2\/pages\/1506","targetHints":{"allow":["GET"]}}],"collection":[{"href":"https:\/\/tourbrune.com\/index.php?rest_route=\/wp\/v2\/pages"}],"about":[{"href":"https:\/\/tourbrune.com\/index.php?rest_route=\/wp\/v2\/types\/page"}],"author":[{"embeddable":true,"href":"https:\/\/tourbrune.com\/index.php?rest_route=\/wp\/v2\/users\/1"}],"replies":[{"embeddable":true,"href":"https:\/\/tourbrune.com\/index.php?rest_route=%2Fwp%2Fv2%2Fcomments&post=1506"}],"version-history":[{"count":2,"href":"https:\/\/tourbrune.com\/index.php?rest_route=\/wp\/v2\/pages\/1506\/revisions"}],"predecessor-version":[{"id":1530,"href":"https:\/\/tourbrune.com\/index.php?rest_route=\/wp\/v2\/pages\/1506\/revisions\/1530"}],"up":[{"embeddable":true,"href":"https:\/\/tourbrune.com\/index.php?rest_route=\/wp\/v2\/pages\/472"}],"wp:featuredmedia":[{"embeddable":true,"href":"https:\/\/tourbrune.com\/index.php?rest_route=\/wp\/v2\/media\/1508"}],"wp:attachment":[{"href":"https:\/\/tourbrune.com\/index.php?rest_route=%2Fwp%2Fv2%2Fmedia&parent=1506"}],"curies":[{"name":"wp","href":"https:\/\/api.w.org\/{rel}","templated":true}]}}