{"id":1510,"date":"2022-11-07T17:11:24","date_gmt":"2022-11-07T16:11:24","guid":{"rendered":"https:\/\/tourbrune.com\/?page_id=1510"},"modified":"2022-11-07T17:11:24","modified_gmt":"2022-11-07T16:11:24","slug":"maia","status":"publish","type":"page","link":"https:\/\/tourbrune.com\/?page_id=1510","title":{"rendered":"Maia"},"content":{"rendered":"<p>Issue des m\u00eames vignes de Gamay que Corail, c&#8217;est une cuv\u00e9e de rouge tranquille solaire. Une aromatique poivr\u00e9e, de fruits rouges et noires bien m\u00fbrs. Les vignes ont termin\u00e9 leur conversion depuis 2019 et les cuv\u00e9es sont depuis issues de raisins en AB.<br \/>\nLe nom de la cuv\u00e9e est un hommage \u00e0 Maia Plissetska\u00efa, danseuse \u00e9toile tout au long du 20e si\u00e8cle.<\/p>\n","protected":false},"excerpt":{"rendered":"<p>Issue des m\u00eames vignes de Gamay que Corail, c&#8217;est une cuv\u00e9e de rouge tranquille solaire. Une aromatique poivr\u00e9e, de fruits rouges et noires bien m\u00fbrs. Les vignes ont termin\u00e9 leur conversion depuis 2019 et les cuv\u00e9es sont depuis issues de raisins en AB. Le nom de la cuv\u00e9e est un hommage \u00e0 Maia Plissetska\u00efa, danseuse&hellip; <a class=\"more-link\" href=\"https:\/\/tourbrune.com\/?page_id=1510\">Continue reading &rarr;<\/a><\/p>\n","protected":false},"author":1,"featured_media":1511,"parent":472,"menu_order":-1,"comment_status":"closed","ping_status":"closed","template":"","meta":{"footnotes":""},"class_list":["post-1510","page","type-page","status-publish","has-post-thumbnail","hentry"],"_links":{"self":[{"href":"https:\/\/tourbrune.com\/index.php?rest_route=\/wp\/v2\/pages\/1510","targetHints":{"allow":["GET"]}}],"collection":[{"href":"https:\/\/tourbrune.com\/index.php?rest_route=\/wp\/v2\/pages"}],"about":[{"href":"https:\/\/tourbrune.com\/index.php?rest_route=\/wp\/v2\/types\/page"}],"author":[{"embeddable":true,"href":"https:\/\/tourbrune.com\/index.php?rest_route=\/wp\/v2\/users\/1"}],"replies":[{"embeddable":true,"href":"https:\/\/tourbrune.com\/index.php?rest_route=%2Fwp%2Fv2%2Fcomments&post=1510"}],"version-history":[{"count":1,"href":"https:\/\/tourbrune.com\/index.php?rest_route=\/wp\/v2\/pages\/1510\/revisions"}],"predecessor-version":[{"id":1512,"href":"https:\/\/tourbrune.com\/index.php?rest_route=\/wp\/v2\/pages\/1510\/revisions\/1512"}],"up":[{"embeddable":true,"href":"https:\/\/tourbrune.com\/index.php?rest_route=\/wp\/v2\/pages\/472"}],"wp:featuredmedia":[{"embeddable":true,"href":"https:\/\/tourbrune.com\/index.php?rest_route=\/wp\/v2\/media\/1511"}],"wp:attachment":[{"href":"https:\/\/tourbrune.com\/index.php?rest_route=%2Fwp%2Fv2%2Fmedia&parent=1510"}],"curies":[{"name":"wp","href":"https:\/\/api.w.org\/{rel}","templated":true}]}}